{"id":375,"date":"2025-09-17T02:10:03","date_gmt":"2025-09-17T02:10:03","guid":{"rendered":"https:\/\/website.ws.net.pe\/wp\/?page_id=375"},"modified":"2025-11-04T14:04:41","modified_gmt":"2025-11-04T14:04:41","slug":"blog","status":"publish","type":"page","link":"https:\/\/website.ws.net.pe\/wp\/blog\/","title":{"rendered":"Blog"},"content":{"rendered":"\t\t<div data-elementor-type=\"wp-page\" data-elementor-id=\"375\" class=\"elementor elementor-375\" data-elementor-post-type=\"page\">\n\t\t\t\t<div class=\"elementor-element elementor-element-1636988e e-flex e-con-boxed elementor-invisible e-con e-parent\" data-id=\"1636988e\" data-element_type=\"container\" data-settings=\"{&quot;animation&quot;:&quot;fadeInUp&quot;}\">\n\t\t\t\t\t<div class=\"e-con-inner\">\n\t\t<div class=\"elementor-element elementor-element-602f4f07 e-con-full e-flex e-con e-child\" data-id=\"602f4f07\" data-element_type=\"container\">\n\t\t\t\t<div class=\"elementor-element elementor-element-30fcc73 de_scroll_animation_no elementor-widget elementor-widget-heading\" data-id=\"30fcc73\" data-element_type=\"widget\" data-widget_type=\"heading.default\">\n\t\t\t\t\t<h2 class=\"elementor-heading-title elementor-size-default\">Blog<\/h2>\t\t\t\t<\/div>\n\t\t\t\t<\/div>\n\t\t\t\t\t<\/div>\n\t\t\t\t<\/div>\n\t\t<div class=\"elementor-element elementor-element-e921b5d e-flex e-con-boxed e-con e-parent\" data-id=\"e921b5d\" data-element_type=\"container\">\n\t\t\t\t\t<div class=\"e-con-inner\">\n\t\t<div class=\"elementor-element elementor-element-25982fa e-flex e-con-boxed elementor-invisible e-con e-child\" data-id=\"25982fa\" data-element_type=\"container\" data-settings=\"{&quot;animation&quot;:&quot;fadeInLeft&quot;}\">\n\t\t\t\t\t<div class=\"e-con-inner\">\n\t\t\t\t<div class=\"elementor-element elementor-element-067b24b de_scroll_animation_no elementor-widget elementor-widget-heading\" data-id=\"067b24b\" data-element_type=\"widget\" data-widget_type=\"heading.default\">\n\t\t\t\t\t<h2 class=\"elementor-heading-title elementor-size-default\">El nuevo panorama del marketing digital en 2025: qu\u00e9 necesitas saber<\/h2>\t\t\t\t<\/div>\n\t\t\t\t<div class=\"elementor-element elementor-element-848c1a8 de_scroll_animation_no elementor-widget elementor-widget-text-editor\" data-id=\"848c1a8\" data-element_type=\"widget\" data-widget_type=\"text-editor.default\">\n\t\t\t\t\t\t\t\t\t<p style=\"text-align: justify;\">La evoluci\u00f3n del marketing digital no se detiene. Nuevas tecnolog\u00edas, cambios en la regulaci\u00f3n y el comportamiento del consumidor est\u00e1n redefiniendo c\u00f3mo las marcas se comunican, venden y construyen relaciones. En este contexto, respondemos a cinco dudas b\u00e1sicas sobre c\u00f3mo estas transformaciones afectan directamente a las estrategias digitales.<\/p>\t\t\t\t\t\t\t\t<\/div>\n\t\t\t\t\t<\/div>\n\t\t\t\t<\/div>\n\t\t<div class=\"elementor-element elementor-element-7110097 e-flex e-con-boxed e-con e-child\" data-id=\"7110097\" data-element_type=\"container\" data-settings=\"{&quot;background_background&quot;:&quot;slideshow&quot;,&quot;background_slideshow_gallery&quot;:[],&quot;background_slideshow_loop&quot;:&quot;yes&quot;,&quot;background_slideshow_slide_duration&quot;:5000,&quot;background_slideshow_slide_transition&quot;:&quot;fade&quot;,&quot;background_slideshow_transition_duration&quot;:500}\">\n\t\t\t\t\t<div class=\"e-con-inner\">\n\t\t\t\t\t<\/div>\n\t\t\t\t<\/div>\n\t\t\t\t\t<\/div>\n\t\t\t\t<\/div>\n\t\t<div class=\"elementor-element elementor-element-6c3e6f3 e-flex e-con-boxed e-con e-parent\" data-id=\"6c3e6f3\" data-element_type=\"container\">\n\t\t\t\t\t<div class=\"e-con-inner\">\n\t\t<div class=\"elementor-element elementor-element-f43314a e-con-full e-flex elementor-invisible e-con e-child\" data-id=\"f43314a\" data-element_type=\"container\" data-settings=\"{&quot;animation&quot;:&quot;fadeInLeft&quot;}\">\n\t\t\t\t<div class=\"elementor-element elementor-element-5e5763c de_scroll_animation_no elementor-widget elementor-widget-heading\" data-id=\"5e5763c\" data-element_type=\"widget\" data-widget_type=\"heading.default\">\n\t\t\t\t\t<h4 class=\"elementor-heading-title elementor-size-default\">SIGUE CONOCIENDO MAS<\/h4>\t\t\t\t<\/div>\n\t\t\t\t<\/div>\n\t\t<div class=\"elementor-element elementor-element-7828dbc e-flex e-con-boxed elementor-invisible e-con e-child\" data-id=\"7828dbc\" data-element_type=\"container\" data-settings=\"{&quot;animation&quot;:&quot;fadeIn&quot;}\">\n\t\t\t\t\t<div class=\"e-con-inner\">\n\t\t\t\t<div class=\"elementor-element elementor-element-a455c41 elementor-widget-divider--view-line de_scroll_animation_no elementor-widget elementor-widget-divider\" data-id=\"a455c41\" data-element_type=\"widget\" data-widget_type=\"divider.default\">\n\t\t\t\t\t\t\t<div class=\"elementor-divider\">\n\t\t\t<span class=\"elementor-divider-separator\">\n\t\t\t\t\t\t<\/span>\n\t\t<\/div>\n\t\t\t\t\t\t<\/div>\n\t\t\t\t\t<\/div>\n\t\t\t\t<\/div>\n\t\t\t\t\t<\/div>\n\t\t\t\t<\/div>\n\t\t<div class=\"elementor-element elementor-element-4319960 e-flex e-con-boxed e-con e-parent\" data-id=\"4319960\" data-element_type=\"container\">\n\t\t\t\t\t<div class=\"e-con-inner\">\n\t\t\t\t<div class=\"elementor-element elementor-element-5d9d24a post-grid-col-2 elementor-post-meta-divider-text post-grid-col-mobile-1 pagination-center de_scroll_animation_no elementor-invisible elementor-widget elementor-widget-gum_posts_grid\" data-id=\"5d9d24a\" data-element_type=\"widget\" data-settings=\"{&quot;_animation&quot;:&quot;fadeInUp&quot;}\" data-widget_type=\"gum_posts_grid.default\">\n\t\t\t\t<div class=\"elementor-widget-container\">\n\t\t\t\t\t<div class=\"grid-posts\"><div class=\"grid-post grid-col-2 image-position-top\"><article id=\"post-984\" class=\"post-984 post type-post status-publish format-standard hentry category-marketing\">\r\n        <div class=\"post-content\">\r\n      <ul class=\"meta-position-top posts-meta\"><\/ul><h3 class=\"post-title\"><a href=\"https:\/\/website.ws.net.pe\/wp\/2025\/09\/27\/smm\/\">SMM<\/a><\/h3><ul class=\"meta-position-mid posts-meta\"><\/ul>      <div class=\"content-excerpt clearfix\">Social Media Marketing<\/div>      <ul class=\"meta-position-content posts-meta\"><\/ul>      <div class=\"elementor-button-wrap button-align-center\"><a class=\"elementor-button readmore-button elementor-button-link\" role=\"button\" href=\"https:\/\/website.ws.net.pe\/wp\/2025\/09\/27\/smm\/\">\r\n          <span class=\"elementor-button-content-wrapper\">\r\n            <span class=\"elementor-button-text\">Leer mas<\/span>\r\n    <\/span>\r\n  <\/a><\/div>  <\/div>\r\n  <ul class=\"meta-position-bottom posts-meta\"><\/ul><\/article>\r\n<\/div><div class=\"grid-post grid-col-2 image-position-top\"><article id=\"post-881\" class=\"post-881 post type-post status-publish format-standard hentry category-marketing\">\r\n        <div class=\"post-content\">\r\n      <ul class=\"meta-position-top posts-meta\"><\/ul><h3 class=\"post-title\"><a href=\"https:\/\/website.ws.net.pe\/wp\/2025\/09\/24\/paginas-en-worpress-6\/\">SMO<\/a><\/h3><ul class=\"meta-position-mid posts-meta\"><\/ul>      <div class=\"content-excerpt clearfix\">Social Media Optimization<\/div>      <ul class=\"meta-position-content posts-meta\"><\/ul>      <div class=\"elementor-button-wrap button-align-center\"><a class=\"elementor-button readmore-button elementor-button-link\" role=\"button\" href=\"https:\/\/website.ws.net.pe\/wp\/2025\/09\/24\/paginas-en-worpress-6\/\">\r\n          <span class=\"elementor-button-content-wrapper\">\r\n            <span class=\"elementor-button-text\">Leer mas<\/span>\r\n    <\/span>\r\n  <\/a><\/div>  <\/div>\r\n  <ul class=\"meta-position-bottom posts-meta\"><\/ul><\/article>\r\n<\/div><div class=\"grid-post grid-col-2 image-position-top\"><article id=\"post-882\" class=\"post-882 post type-post status-publish format-standard hentry category-marketing\">\r\n        <div class=\"post-content\">\r\n      <ul class=\"meta-position-top posts-meta\"><\/ul><h3 class=\"post-title\"><a href=\"https:\/\/website.ws.net.pe\/wp\/2025\/09\/24\/paginas-en-worpress-5\/\">SEM<\/a><\/h3><ul class=\"meta-position-mid posts-meta\"><\/ul>      <div class=\"content-excerpt clearfix\">Marketing en Motores de B\u00fasqueda.<\/div>      <ul class=\"meta-position-content posts-meta\"><\/ul>      <div class=\"elementor-button-wrap button-align-center\"><a class=\"elementor-button readmore-button elementor-button-link\" role=\"button\" href=\"https:\/\/website.ws.net.pe\/wp\/2025\/09\/24\/paginas-en-worpress-5\/\">\r\n          <span class=\"elementor-button-content-wrapper\">\r\n            <span class=\"elementor-button-text\">Leer mas<\/span>\r\n    <\/span>\r\n  <\/a><\/div>  <\/div>\r\n  <ul class=\"meta-position-bottom posts-meta\"><\/ul><\/article>\r\n<\/div><div class=\"grid-post grid-col-2 image-position-top\"><article id=\"post-883\" class=\"post-883 post type-post status-publish format-standard hentry category-marketing\">\r\n        <div class=\"post-content\">\r\n      <ul class=\"meta-position-top posts-meta\"><\/ul><h3 class=\"post-title\"><a href=\"https:\/\/website.ws.net.pe\/wp\/2025\/09\/24\/paginas-en-worpress-4\/\">SEO<\/a><\/h3><ul class=\"meta-position-mid posts-meta\"><\/ul>      <div class=\"content-excerpt clearfix\">Optimizaci\u00f3n para motores de B\u00fasqueda<\/div>      <ul class=\"meta-position-content posts-meta\"><\/ul>      <div class=\"elementor-button-wrap button-align-center\"><a class=\"elementor-button readmore-button elementor-button-link\" role=\"button\" href=\"https:\/\/website.ws.net.pe\/wp\/2025\/09\/24\/paginas-en-worpress-4\/\">\r\n          <span class=\"elementor-button-content-wrapper\">\r\n            <span class=\"elementor-button-text\">Leer mas<\/span>\r\n    <\/span>\r\n  <\/a><\/div>  <\/div>\r\n  <ul class=\"meta-position-bottom posts-meta\"><\/ul><\/article>\r\n<\/div><\/div><div class=\"not-empty\">&nbsp;<\/div>\t\t\t\t<\/div>\n\t\t\t\t<\/div>\n\t\t\t\t\t<\/div>\n\t\t\t\t<\/div>\n\t\t\t\t<\/div>\n\t\t","protected":false},"excerpt":{"rendered":"<p>Blog El nuevo panorama del marketing digital en 2025: qu\u00e9 necesitas saber La evoluci\u00f3n del marketing digital no se detiene. Nuevas tecnolog\u00edas, cambios en la regulaci\u00f3n y el comportamiento del consumidor est\u00e1n redefiniendo c\u00f3mo las marcas se comunican, venden y construyen relaciones. En este contexto, respondemos a cinco dudas b\u00e1sicas sobre c\u00f3mo estas transformaciones afectan [&hellip;]<\/p>\n","protected":false},"author":1,"featured_media":0,"parent":0,"menu_order":0,"comment_status":"closed","ping_status":"closed","template":"","meta":{"footnotes":""},"class_list":["post-375","page","type-page","status-publish","hentry"],"_links":{"self":[{"href":"https:\/\/website.ws.net.pe\/wp\/wp-json\/wp\/v2\/pages\/375","targetHints":{"allow":["GET"]}}],"collection":[{"href":"https:\/\/website.ws.net.pe\/wp\/wp-json\/wp\/v2\/pages"}],"about":[{"href":"https:\/\/website.ws.net.pe\/wp\/wp-json\/wp\/v2\/types\/page"}],"author":[{"embeddable":true,"href":"https:\/\/website.ws.net.pe\/wp\/wp-json\/wp\/v2\/users\/1"}],"replies":[{"embeddable":true,"href":"https:\/\/website.ws.net.pe\/wp\/wp-json\/wp\/v2\/comments?post=375"}],"version-history":[{"count":3,"href":"https:\/\/website.ws.net.pe\/wp\/wp-json\/wp\/v2\/pages\/375\/revisions"}],"predecessor-version":[{"id":2891,"href":"https:\/\/website.ws.net.pe\/wp\/wp-json\/wp\/v2\/pages\/375\/revisions\/2891"}],"wp:attachment":[{"href":"https:\/\/website.ws.net.pe\/wp\/wp-json\/wp\/v2\/media?parent=375"}],"curies":[{"name":"wp","href":"https:\/\/api.w.org\/{rel}","templated":true}]}}